{"id":65,"date":"2022-08-15T11:44:01","date_gmt":"2022-08-15T11:44:01","guid":{"rendered":"https:\/\/brewinggenius.com\/ceciliefjellhoy\/?page_id=65"},"modified":"2022-09-26T09:02:12","modified_gmt":"2022-09-26T09:02:12","slug":"min-historie","status":"publish","type":"page","link":"https:\/\/www.ceciliefjellhoy.com\/no\/min-historie\/","title":{"rendered":"Min historie"},"content":{"rendered":"\r\n<h2>\r\n\t\tMin historie\r\n\t<\/h2>\r\n\t<p>Foredragsholder &#8211; Cecilie fjellh\u00f8y<\/p>\r\n<h2>\r\n\t\tMitt navn er Cecilie Fjellh\u00f8y.\r\n\t<\/h2>\r\n\t<p>Jeg ble kastet ut i offentligheten da jeg gikk ut med min svindelhistorie. F\u00f8rst i 2019 gjennom VGs originale <a href=\"https:\/\/www.vg.no\/spesial\/2019\/tindersvindleren\/\" rel=\"nofollow noopener\" target=\"_blank\">Tindersvindleren-sak<\/a>, som ble VGs mest leste gjennom tidene. Februar 2022 kom s\u00e5 Netflix-dokumentaren med samme navn. Over 200 land p\u00e5 samme tid fikk se historien min, hvor jeg brettet ut mitt privatliv, med h\u00e5pet om at rettferdighet skulle skje.<\/p>\r\n\t\t\t\t<a href=\"#cecilie\" target=\"_self\" itemprop=\"url\" rel=\"noopener\">\r\n\t\t\t\t<img loading=\"lazy\" decoding=\"async\" src=\"https:\/\/www.ceciliefjellhoy.com\/wp-content\/uploads\/2022\/08\/arrow-dwn.png\" alt=\"arrow-dwn\" itemprop=\"image\" height=\"150\" width=\"150\" title=\"arrow-dwn\" onerror=\"this.style.display='none'\"  \/>\r\n\t\t\t\t<\/a>\r\n<h2>\r\n\t\tDet ble en mediestorm uten like.\r\n\t<\/h2>\r\n\t<p>For en kvinne fra Lillestr\u00f8m utenfor Oslo, er det en forvirrende verden \u00e5 bli kastet ut i. Men hvis det hjalp at jeg sto frem, med at andre kan se at de enten er p\u00e5 vei til \u00e5 bli svindlet, er svindlet eller i et \u00f8deleggende forhold s\u00e5 tenkte jeg at det var verdt det.<\/p>\r\n<p>Jeg mottok mange meldinger fra mennesker som enten hadde blitt svindlet, men en stod ut. Det var fra en advokat fra et lite advokatfirma som skrev de s\u00e5 klienter som hadde tatt livet sitt over h\u00f8y gjeld. De var s\u00e5 lei seg over at de ikke kunne gj\u00f8re mer for disse personene. Jeg kunne ikke st\u00e5 og se p\u00e5 og la dette fortsette. Jeg som selv hadde blitt innlagt p\u00e5 akuttpsykiatrisk med nettopp slike tanker. Lidenskapen ble virkelig tent.<\/p>\r\n<p>Som fulltids brukervennlighets designer i IT-bransjen i nesten 10 \u00e5r, s\u00e5 jeg en gyllen mulighet \u00e5 bruke egenskapene og styrkene jeg hadde opparbeidet meg der, og bruke de for \u00e5 fremme svindelsaken. Jeg har erfaring med \u00e5 jobbe med b\u00e5de digital identitet og med bankvesenet.<\/p>\r\n\t\t\t\t<img loading=\"lazy\" decoding=\"async\" src=\"https:\/\/www.ceciliefjellhoy.com\/wp-content\/uploads\/2022\/08\/Screenshot-2021-09-26-at-12.38.56.png\" alt=\"Screenshot 2021-09-26 at 12.38.56\" itemprop=\"image\" height=\"1002\" width=\"992\" title=\"Screenshot 2021-09-26 at 12.38.56\" onerror=\"this.style.display='none'\"  \/>\r\n\t\t\t\t<img loading=\"lazy\" decoding=\"async\" src=\"https:\/\/www.ceciliefjellhoy.com\/wp-content\/uploads\/2022\/08\/erna-solberg-og-cecilie-fjellhoy-1080x1080.jpg\" alt=\"erna solberg og cecilie fjellhoy\" itemprop=\"image\" height=\"1080\" width=\"1080\" title=\"erna solberg og cecilie fjellhoy\" onerror=\"this.style.display='none'\"  \/>\r\n<h2>\r\n\t\tSvindelsaken\r\n\t<\/h2>\r\n\t<p>Siden 2019 har jeg kjempet og st\u00e5tt frem i ulike medier i Norge, og hatt m\u00f8ter med diverse organisasoner og partier for \u00e5 fremme svindelsaken for ofre. Jeg tror det er ekstremt viktig \u00e5 ta med oss ofre i diskujonen n\u00e5r det kommer til \u00e5 endre prosesser, lover og regler.<\/p>\r\n<p>De siste 6 m\u00e5nedene har jeg reist over hele verden for \u00e5 holde samtaler og presentasjoner. Dette er noe jeg synes er utrolig givende, og jeg ser hvor nyttig og viktig det er for tilh\u00f8rerne.<\/p>\r\n<p>Gjennom organisasjonen min, action:reaction, h\u00e5per jeg \u00e5 skape et sted for svindelofre \u00e5 f\u00e5 mental hjelp og st\u00f8tte. Dette arbeidet er n\u00e5 igang.<\/p>\r\n<h2>\r\n\t\tVeien videre\r\n\t<\/h2>\r\n\t<p>Med tiden h\u00e5per jeg \u00e5 bli en viktig og h\u00f8y stemme n\u00e5r vi snakker om svindel (i alle former), \u00e5 takle motstand og v\u00e6re tapper. Kvinnesaken er ogs\u00e5 viktig for meg. Jeg ser hvordan det kan v\u00e6re vanskeligere \u00e5 v\u00e6re kvinne n\u00e5r man snakker h\u00f8yt ut om urettferdighet. Dette er noe jeg har mye erfaring med n\u00e5, og ser frem til \u00e5 snakke enda mer om.<\/p>\r\n<p>Jeg ser hvor viktig det er for andre \u00e5 se meg st\u00e5 p\u00e5 en scene og ikke v\u00e6re skamfull over det som skjedde med meg. Det \u00e5 kunne inspirere og vise at livet ikke er over, er en gave som jeg ikke \u00f8nsker \u00e5 la g\u00e5 til spille. \u00c5 v\u00e6re en talsperson for en s\u00e5nn viktig sak tar jeg med meg med ydmykhet og respekt.<\/p>\r\n\t\t\t\t<img loading=\"lazy\" decoding=\"async\" src=\"https:\/\/www.ceciliefjellhoy.com\/wp-content\/uploads\/2022\/08\/speaking-1280x720.jpg\" alt=\"speaking\" itemprop=\"image\" height=\"720\" width=\"1280\" title=\"speaking\" onerror=\"this.style.display='none'\"  \/>\r\n<h2>\r\n\t\tKontakt meg for \u00e5 booke et foredag.\r\n\t<\/h2>\r\n\t<p>Legg igjen din kontaktinformasjon og en beskrivende foresp\u00f8rsel i skjemaet under, s\u00e5 vil jeg kontakte deg s\u00e5 snart jeg har mulighet.<\/p>\r\n                <form method='post' enctype='multipart\/form-data' target='gform_ajax_frame_1' id='gform_1'  action='\/?page_id=65&#038;fl_builder#gf_1' novalidate>\r\n                        <label class='gfield_label' for='input_1_1'>Fullt navn<\/label><input name='input_1' id='input_1_1' type='text' value='' class='large'   tabindex='100' placeholder='Fullt navn'  aria-invalid=\"false\"   \/> <label class='gfield_label' for='input_1_3'>E-post<\/label><input name='input_3' id='input_1_3' type='text' value='' class='large'   tabindex='101' placeholder='E-post'  aria-invalid=\"false\"   \/> <label class='gfield_label' for='input_1_5'>Telefon<\/label><input name='input_5' id='input_1_5' type='text' value='' class='large'   tabindex='102' placeholder='Telefon'  aria-invalid=\"false\"   \/> <label class='gfield_label' for='input_1_4'>Foresp\u00f8rsel<\/label><textarea name='input_4' id='input_1_4' class='textarea small' tabindex='103'   placeholder='Vennligst skriv i detaljer hva din foresp\u00f8rsel gjelder.'  aria-invalid=\"false\"   rows='10' cols='50'><\/textarea><label class='gfield_label' for='input_1_6'>Comments<\/label><input name='input_6' id='input_1_6' type='text' value='' autocomplete='new-password'\/>Dette feltet er for valideringsform\u00e5l og skal st\u00e5 uendret.\r\n         <input type='submit' id='gform_submit_button_1' class='gform_button button' value='Send inn' tabindex='104' onclick='if(window[\"gf_submitting_1\"]){return false;}  if( !jQuery(\"#gform_1\")[0].checkValidity || jQuery(\"#gform_1\")[0].checkValidity()){window[\"gf_submitting_1\"]=true;}  ' onkeypress='if( event.keyCode == 13 ){ if(window[\"gf_submitting_1\"]){return false;} if( !jQuery(\"#gform_1\")[0].checkValidity || jQuery(\"#gform_1\")[0].checkValidity()){window[\"gf_submitting_1\"]=true;}  jQuery(\"#gform_1\").trigger(\"submit\",[true]); }' \/> <input type='hidden' name='gform_ajax' value='form_id=1&amp;title=&amp;description=&amp;tabindex=100' \/>\r\n            <input type='hidden' class='gform_hidden' name='is_submit_1' value='1' \/>\r\n            <input type='hidden' class='gform_hidden' name='gform_submit' value='1' \/>\r\n            <input type='hidden' class='gform_hidden' name='gform_unique_id' value='' \/>\r\n            <input type='hidden' class='gform_hidden' name='state_1' value='WyJbXSIsImI4ZGJjODlmNjc0Zjk4NmM5YWFjZGZjMGVkNTU2N2Q0Il0=' \/>\r\n            <input type='hidden' class='gform_hidden' name='gform_target_page_number_1' id='gform_target_page_number_1' value='0' \/>\r\n            <input type='hidden' class='gform_hidden' name='gform_source_page_number_1' id='gform_source_page_number_1' value='1' \/>\r\n            <input type='hidden' name='gform_field_values' value='' \/>\r\n                        <\/form>\r\n                <iframe style='display:none;width:0px;height:0px;' src='about:blank' name='gform_ajax_frame_1' id='gform_ajax_frame_1' title='This iframe contains the logic required to handle Ajax powered Gravity Forms.'><\/iframe>\r\n\r\n","protected":false},"excerpt":{"rendered":"<p>Min historie Foredragsholder &#8211; Cecilie fjellh\u00f8y Mitt navn er Cecilie Fjellh\u00f8y. Jeg ble kastet ut i offentligheten da jeg gikk ut med min svindelhistorie. F\u00f8rst i 2019 gjennom VGs originale Tindersvindleren-sak, som ble VGs mest leste gjennom tidene. Februar 2022 kom s\u00e5 Netflix-dokumentaren med samme navn. Over 200 land p\u00e5 samme tid fikk se historien&hellip;<\/p>\n","protected":false},"author":7,"featured_media":11982,"parent":0,"menu_order":0,"comment_status":"closed","ping_status":"closed","template":"","meta":{"inline_featured_image":false,"footnotes":""},"class_list":["post-65","page","type-page","status-publish","has-post-thumbnail","hentry"],"_links":{"self":[{"href":"https:\/\/www.ceciliefjellhoy.com\/no\/wp-json\/wp\/v2\/pages\/65","targetHints":{"allow":["GET"]}}],"collection":[{"href":"https:\/\/www.ceciliefjellhoy.com\/no\/wp-json\/wp\/v2\/pages"}],"about":[{"href":"https:\/\/www.ceciliefjellhoy.com\/no\/wp-json\/wp\/v2\/types\/page"}],"author":[{"embeddable":true,"href":"https:\/\/www.ceciliefjellhoy.com\/no\/wp-json\/wp\/v2\/users\/7"}],"replies":[{"embeddable":true,"href":"https:\/\/www.ceciliefjellhoy.com\/no\/wp-json\/wp\/v2\/comments?post=65"}],"version-history":[{"count":26,"href":"https:\/\/www.ceciliefjellhoy.com\/no\/wp-json\/wp\/v2\/pages\/65\/revisions"}],"predecessor-version":[{"id":12157,"href":"https:\/\/www.ceciliefjellhoy.com\/no\/wp-json\/wp\/v2\/pages\/65\/revisions\/12157"}],"wp:featuredmedia":[{"embeddable":true,"href":"https:\/\/www.ceciliefjellhoy.com\/no\/wp-json\/wp\/v2\/media\/11982"}],"wp:attachment":[{"href":"https:\/\/www.ceciliefjellhoy.com\/no\/wp-json\/wp\/v2\/media?parent=65"}],"curies":[{"name":"wp","href":"https:\/\/api.w.org\/{rel}","templated":true}]}}