{"id":61,"date":"2022-08-15T11:43:46","date_gmt":"2022-08-15T11:43:46","guid":{"rendered":"https:\/\/brewinggenius.com\/ceciliefjellhoy\/?page_id=61"},"modified":"2022-09-26T08:55:23","modified_gmt":"2022-09-26T08:55:23","slug":"kontakt","status":"publish","type":"page","link":"https:\/\/www.ceciliefjellhoy.com\/no\/kontakt\/","title":{"rendered":"Kontakt"},"content":{"rendered":"\r\n<h2>\r\n\t\tKontakt meg for \u00e5 booke et foredag.\r\n\t<\/h2>\r\n\t<p>Legg igjen din kontaktinformasjon og en beskrivende foresp\u00f8rsel i skjemaet under, s\u00e5 vil jeg kontakte deg s\u00e5 snart jeg har mulighet.<\/p>\r\n                <form method='post' enctype='multipart\/form-data' target='gform_ajax_frame_1' id='gform_1'  action='\/ceciliefjellhoy\/?page_id=61&#038;fl_builder#gf_1' novalidate>\r\n                        <label class='gfield_label' for='input_1_1'>Fullt navn<\/label><input name='input_1' id='input_1_1' type='text' value='' class='large'   tabindex='100' placeholder='Fullt navn'  aria-invalid=\"false\"   \/> <label class='gfield_label' for='input_1_3'>E-post<\/label><input name='input_3' id='input_1_3' type='text' value='' class='large'   tabindex='101' placeholder='E-post'  aria-invalid=\"false\"   \/> <label class='gfield_label' for='input_1_5'>Telefon<\/label><input name='input_5' id='input_1_5' type='text' value='' class='large'   tabindex='102' placeholder='Telefon'  aria-invalid=\"false\"   \/> <label class='gfield_label' for='input_1_4'>Foresp\u00f8rsel<\/label><textarea name='input_4' id='input_1_4' class='textarea small' tabindex='103'   placeholder='Vennligst skriv i detaljer hva din foresp\u00f8rsel gjelder.'  aria-invalid=\"false\"   rows='10' cols='50'><\/textarea>\r\n         <input type='submit' id='gform_submit_button_1' class='gform_button button' value='Send inn' tabindex='104' onclick='if(window[\"gf_submitting_1\"]){return false;}  if( !jQuery(\"#gform_1\")[0].checkValidity || jQuery(\"#gform_1\")[0].checkValidity()){window[\"gf_submitting_1\"]=true;}  ' onkeypress='if( event.keyCode == 13 ){ if(window[\"gf_submitting_1\"]){return false;} if( !jQuery(\"#gform_1\")[0].checkValidity || jQuery(\"#gform_1\")[0].checkValidity()){window[\"gf_submitting_1\"]=true;}  jQuery(\"#gform_1\").trigger(\"submit\",[true]); }' \/> <input type='hidden' name='gform_ajax' value='form_id=1&amp;title=&amp;description=&amp;tabindex=100' \/>\r\n            <input type='hidden' class='gform_hidden' name='is_submit_1' value='1' \/>\r\n            <input type='hidden' class='gform_hidden' name='gform_submit' value='1' \/>\r\n            <input type='hidden' class='gform_hidden' name='gform_unique_id' value='' \/>\r\n            <input type='hidden' class='gform_hidden' name='state_1' value='WyJbXSIsIjEzOTVhNjE3NWY2ODAwMThkMjM2Mzc3MTc0NzcwZDZjIl0=' \/>\r\n            <input type='hidden' class='gform_hidden' name='gform_target_page_number_1' id='gform_target_page_number_1' value='0' \/>\r\n            <input type='hidden' class='gform_hidden' name='gform_source_page_number_1' id='gform_source_page_number_1' value='1' \/>\r\n            <input type='hidden' name='gform_field_values' value='' \/>\r\n                        <\/form>\r\n                <iframe style='display:none;width:0px;height:0px;' src='about:blank' name='gform_ajax_frame_1' id='gform_ajax_frame_1' title='This iframe contains the logic required to handle Ajax powered Gravity Forms.'><\/iframe>\r\n\r\n","protected":false},"excerpt":{"rendered":"<p>Kontakt meg for \u00e5 booke et foredag. Legg igjen din kontaktinformasjon og en beskrivende foresp\u00f8rsel i skjemaet under, s\u00e5 vil jeg kontakte deg s\u00e5 snart jeg har mulighet. Fullt navn E-post Telefon Foresp\u00f8rsel<\/p>\n","protected":false},"author":7,"featured_media":11944,"parent":0,"menu_order":0,"comment_status":"closed","ping_status":"closed","template":"","meta":{"inline_featured_image":false,"footnotes":""},"class_list":["post-61","page","type-page","status-publish","has-post-thumbnail","hentry"],"_links":{"self":[{"href":"https:\/\/www.ceciliefjellhoy.com\/no\/wp-json\/wp\/v2\/pages\/61","targetHints":{"allow":["GET"]}}],"collection":[{"href":"https:\/\/www.ceciliefjellhoy.com\/no\/wp-json\/wp\/v2\/pages"}],"about":[{"href":"https:\/\/www.ceciliefjellhoy.com\/no\/wp-json\/wp\/v2\/types\/page"}],"author":[{"embeddable":true,"href":"https:\/\/www.ceciliefjellhoy.com\/no\/wp-json\/wp\/v2\/users\/7"}],"replies":[{"embeddable":true,"href":"https:\/\/www.ceciliefjellhoy.com\/no\/wp-json\/wp\/v2\/comments?post=61"}],"version-history":[{"count":9,"href":"https:\/\/www.ceciliefjellhoy.com\/no\/wp-json\/wp\/v2\/pages\/61\/revisions"}],"predecessor-version":[{"id":11978,"href":"https:\/\/www.ceciliefjellhoy.com\/no\/wp-json\/wp\/v2\/pages\/61\/revisions\/11978"}],"wp:featuredmedia":[{"embeddable":true,"href":"https:\/\/www.ceciliefjellhoy.com\/no\/wp-json\/wp\/v2\/media\/11944"}],"wp:attachment":[{"href":"https:\/\/www.ceciliefjellhoy.com\/no\/wp-json\/wp\/v2\/media?parent=61"}],"curies":[{"name":"wp","href":"https:\/\/api.w.org\/{rel}","templated":true}]}}