{"id":57,"date":"2022-08-15T11:43:25","date_gmt":"2022-08-15T11:43:25","guid":{"rendered":"https:\/\/brewinggenius.com\/ceciliefjellhoy\/?page_id=57"},"modified":"2022-09-26T08:42:32","modified_gmt":"2022-09-26T08:42:32","slug":"foredrag","status":"publish","type":"page","link":"https:\/\/www.ceciliefjellhoy.com\/no\/foredrag\/","title":{"rendered":"Foredragsholder"},"content":{"rendered":"\r\n<h2>\r\n\t\tForedragsholder p\u00e5 <a href=\"https:\/\/talerlisten.no\/profil\/cecilie-fjellhoy\/\" rel=\"nofollow noopener\" target=\"_blank\">Talerlisten<\/a>\r\n\t<\/h2>\r\n\t<iframe allowfullscreen allow=\"autoplay\" data-src=\"https:\/\/player.vimeo.com\/video\/388955689?color&amp;autopause=0&amp;loop=0&amp;muted=0&amp;title=0&amp;portrait=0&amp;byline=0&amp;h#t=\"><\/iframe>\t\t\r\n\t\t\t\t\tPlay Video\r\n<h2>\r\n\t\tTankevekkende foredrag om svindel og bedrageri\r\n\t<\/h2>\r\n\t<p>I mine foredrag deler jeg min unike historie for \u00e5 gj\u00f8re m\u00e5lgruppen mer bevisst p\u00e5 svindel og \u00f8konomiske problemer som en nasjonal utfordring. Etter foredraget vil publikum sitte igjen med innsikt i hva et svindeloffer g\u00e5r igjennom, hva som m\u00f8ter de p\u00e5 den andre siden og hvilke sp\u00f8rsm\u00e5l vi alle m\u00e5 stille oss.<\/p>\r\n\t<p>Med tiden har jeg f\u00e5tt erfaring med flere ulike formater. Enten det er en hovedtale, intern samtale med en ordstyrer med tilh\u00f8rende sp\u00f8rsm\u00e5l og svar fra salen eller en virtuell konferanse.<\/p>\r\n\t\t\t\t\t\t\t<img decoding=\"async\" src=\"https:\/\/mariusloken.no\/wp-content\/uploads\/2021\/06\/invis.png\" alt=\"\" \/>\r\n\t\t\tForedrag om\r\n\t\t<h4>Svindel<\/h4>\r\n\t\t\t<p>Frykt og mot, Historiefortelling, \u00d8konomiBook N\u00e5\u00a0<\/p>\t\t\r\n\t\t\t\t\t\t\t<img decoding=\"async\" src=\"https:\/\/mariusloken.no\/wp-content\/uploads\/2021\/06\/invis.png\" alt=\"\" \/>\r\n\t\t\tForedrag om\r\n\t\t<h4>IT-Sikkerhet<\/h4>\r\n\t\t\t<p>Svindel, Digitalisering, TeknologiBook N\u00e5\u00a0<\/p>\t\t\r\n\t\t\t\t\t\t\t<img decoding=\"async\" src=\"https:\/\/mariusloken.no\/wp-content\/uploads\/2021\/06\/invis.png\" alt=\"\" \/>\r\n\t\t\tForedrag om\r\n\t\t<h4>ID-Tyveri<\/h4>\r\n\t\t\t<p>Svindel, Digitalisering, \u00d8konomiBook N\u00e5\u00a0<\/p>\t\t\r\n\t<p>Andre temaer jeg kan snakke om er bedrageri, svindel, cybersikkerhet, digital identitet, brukeropplevelse, innovasjon, mental helse, kvinner som st\u00e5r frem, kvinnesaken, takle motstand, v\u00e6re tapper.<\/p>\r\n\t\t\t<a href=\"https:\/\/www.ceciliefjellhoy.com\/kontakt\/\" target=\"_self\" role=\"button\" rel=\"noopener\">\r\n\t\t\t\t\t\t\tBook et foredrag\r\n\t\t\t\t\t<\/a>\r\n\r\n","protected":false},"excerpt":{"rendered":"<p>Foredragsholder p\u00e5 Talerlisten Play Video Tankevekkende foredrag om svindel og bedrageri I mine foredrag deler jeg min unike historie for \u00e5 gj\u00f8re m\u00e5lgruppen mer bevisst p\u00e5 svindel og \u00f8konomiske problemer som en nasjonal utfordring. Etter foredraget vil publikum sitte igjen med innsikt i hva et svindeloffer g\u00e5r igjennom, hva som m\u00f8ter de p\u00e5 den andre&hellip;<\/p>\n","protected":false},"author":2,"featured_media":11881,"parent":0,"menu_order":0,"comment_status":"closed","ping_status":"closed","template":"","meta":{"inline_featured_image":false,"footnotes":""},"class_list":["post-57","page","type-page","status-publish","has-post-thumbnail","hentry"],"_links":{"self":[{"href":"https:\/\/www.ceciliefjellhoy.com\/no\/wp-json\/wp\/v2\/pages\/57","targetHints":{"allow":["GET"]}}],"collection":[{"href":"https:\/\/www.ceciliefjellhoy.com\/no\/wp-json\/wp\/v2\/pages"}],"about":[{"href":"https:\/\/www.ceciliefjellhoy.com\/no\/wp-json\/wp\/v2\/types\/page"}],"author":[{"embeddable":true,"href":"https:\/\/www.ceciliefjellhoy.com\/no\/wp-json\/wp\/v2\/users\/2"}],"replies":[{"embeddable":true,"href":"https:\/\/www.ceciliefjellhoy.com\/no\/wp-json\/wp\/v2\/comments?post=57"}],"version-history":[{"count":19,"href":"https:\/\/www.ceciliefjellhoy.com\/no\/wp-json\/wp\/v2\/pages\/57\/revisions"}],"predecessor-version":[{"id":12148,"href":"https:\/\/www.ceciliefjellhoy.com\/no\/wp-json\/wp\/v2\/pages\/57\/revisions\/12148"}],"wp:featuredmedia":[{"embeddable":true,"href":"https:\/\/www.ceciliefjellhoy.com\/no\/wp-json\/wp\/v2\/media\/11881"}],"wp:attachment":[{"href":"https:\/\/www.ceciliefjellhoy.com\/no\/wp-json\/wp\/v2\/media?parent=57"}],"curies":[{"name":"wp","href":"https:\/\/api.w.org\/{rel}","templated":true}]}}