{"id":20,"date":"2022-03-25T09:34:06","date_gmt":"2022-03-25T09:34:06","guid":{"rendered":"https:\/\/brewinggenius.com\/ceciliefjellhoy\/?page_id=20"},"modified":"2023-12-13T13:04:29","modified_gmt":"2023-12-13T13:04:29","slug":"hjem","status":"publish","type":"page","link":"https:\/\/www.ceciliefjellhoy.com\/no\/","title":{"rendered":"Hjem"},"content":{"rendered":"\n<h2>\n\t\tLa meg dele mine erfaringer med ditt publikum.\n\t<\/h2>\n\t<p>Jeg er Cecilie Fjellh\u00f8y og jeg ble kjent gjennom den verdensomtalte saken om &laquo;Tindersvindleren&raquo;, som senere ble tidenes mest sette dokumentar p\u00e5 Netflix.<\/p>\n\t\t\t<a href=\"https:\/\/www.ceciliefjellhoy.com\/kontakt\/\" target=\"_self\" rel=\"noopener\">\n\t\t\t\t\t\t\tBook foredrag\n\t\t\t\t\t<\/a>\n\t\t\t<a href=\"https:\/\/www.ceciliefjellhoy.com\/min-historie\/\" target=\"_self\" rel=\"noopener\">\n\t\t\t\t\t\t\tMin historie\n\t\t\t\t\t<\/a>\n\t\t\t\t<img loading=\"lazy\" decoding=\"async\" src=\"https:\/\/www.ceciliefjellhoy.com\/wp-content\/uploads\/2022\/08\/forside-portrett-v2-611x750.jpg\" alt=\"forside - portrett v2\" itemprop=\"image\" height=\"750\" width=\"611\" title=\"forside - portrett v2\" onerror=\"this.style.display='none'\"  \/>\n\t\t\t\t<img loading=\"lazy\" decoding=\"async\" src=\"https:\/\/www.ceciliefjellhoy.com\/wp-content\/uploads\/2022\/08\/Voguev2.png\" alt=\"Vogue\" itemprop=\"image\" height=\"100\" width=\"179\" title=\"Voguev2\" onerror=\"this.style.display='none'\"  \/>\n\t\t\t\t<img loading=\"lazy\" decoding=\"async\" src=\"https:\/\/www.ceciliefjellhoy.com\/wp-content\/uploads\/2022\/08\/the-times.png\" alt=\"the times\" itemprop=\"image\" height=\"100\" width=\"137\" title=\"the times\" onerror=\"this.style.display='none'\"  \/>\n\t\t\t\t<img loading=\"lazy\" decoding=\"async\" src=\"https:\/\/www.ceciliefjellhoy.com\/wp-content\/uploads\/2022\/08\/netflix.png\" alt=\"netflix\" itemprop=\"image\" height=\"100\" width=\"184\" title=\"netflix\" onerror=\"this.style.display='none'\"  \/>\n\t\t\t\t<img loading=\"lazy\" decoding=\"async\" src=\"https:\/\/www.ceciliefjellhoy.com\/wp-content\/uploads\/2022\/08\/forbes.png\" alt=\"forbes\" itemprop=\"image\" height=\"100\" width=\"186\" title=\"forbes\" onerror=\"this.style.display='none'\"  \/>\n\t\t\t\t<img loading=\"lazy\" decoding=\"async\" src=\"https:\/\/www.ceciliefjellhoy.com\/wp-content\/uploads\/2022\/08\/business-insider.png\" alt=\"business insider\" itemprop=\"image\" height=\"100\" width=\"176\" title=\"business insider\" onerror=\"this.style.display='none'\"  \/>\n<h2>\n\t\tForedragsholder p\u00e5 <a href=\"https:\/\/talerlisten.no\/profil\/cecilie-fjellhoy\/\" rel=\"nofollow noopener\" target=\"_blank\">Talerlisten<\/a>\n\t<\/h2>\n\t<iframe allowfullscreen allow=\"autoplay\" data-src=\"https:\/\/player.vimeo.com\/video\/388955689?color&amp;autopause=0&amp;loop=0&amp;muted=0&amp;title=0&amp;portrait=0&amp;byline=0&amp;h\"><\/iframe>\t\t\n\t\t\t\t\tPlay Video\n<h2>\n\t\tTankevekkende foredrag om svindel og bedrageri\n\t<\/h2>\n\t<p>I mine foredrag deler jeg min unike historie for \u00e5 gj\u00f8re m\u00e5lgruppen mer bevisst p\u00e5 svindel og \u00f8konomiske problemer som en nasjonal utfordring. Etter foredraget vil publikum sitte igjen med innsikt i hva et svindeloffer g\u00e5r igjennom, hva som m\u00f8ter de p\u00e5 den andre siden og hvilke sp\u00f8rsm\u00e5l vi alle m\u00e5 stille oss.<\/p>\n\t\t\t\t<a href=\"#foredrag\" target=\"_self\" itemprop=\"url\" rel=\"noopener\">\n\t\t\t\t<img loading=\"lazy\" decoding=\"async\" src=\"https:\/\/www.ceciliefjellhoy.com\/wp-content\/uploads\/2022\/08\/arrow-dwn.png\" alt=\"arrow-dwn\" itemprop=\"image\" height=\"150\" width=\"150\" title=\"arrow-dwn\" onerror=\"this.style.display='none'\"  \/>\n\t\t\t\t<\/a>\n\t\t\t<a href=\"https:\/\/www.ceciliefjellhoy.com\/foredrag\" target=\"_self\" rel=\"noopener\">\n\t\t\t\t\t\t\t<img decoding=\"async\" src=\"https:\/\/mariusloken.no\/wp-content\/uploads\/2021\/06\/invis.png\" alt=\"\" \/>\n\t\t\tForedrag om\n\t\t<h4>Svindel<\/h4>\n\t\t\t<p>Frykt og mot, Historiefortelling, \u00d8konomiLes mer\u00a0<\/p>\t\t\n\t\t<\/a>\n\t\t\t<a href=\"https:\/\/www.ceciliefjellhoy.com\/foredrag\" target=\"_self\" rel=\"noopener\">\n\t\t\t\t\t\t\t<img decoding=\"async\" src=\"https:\/\/mariusloken.no\/wp-content\/uploads\/2021\/06\/invis.png\" alt=\"\" \/>\n\t\t\tForedrag om\n\t\t<h4>IT-Sikkerhet<\/h4>\n\t\t\t<p>Svindel, Digitalisering, TeknologiLes mer\u00a0<\/p>\t\t\n\t\t<\/a>\n\t\t\t<a href=\"https:\/\/www.ceciliefjellhoy.com\/foredrag\" target=\"_self\" rel=\"noopener\">\n\t\t\t\t\t\t\t<img decoding=\"async\" src=\"https:\/\/mariusloken.no\/wp-content\/uploads\/2021\/06\/invis.png\" alt=\"\" \/>\n\t\t\tForedrag om\n\t\t<h4>ID-Tyveri<\/h4>\n\t\t\t<p>Svindel, Digitalisering, \u00d8konomiLes mer\u00a0<\/p>\t\t\n\t\t<\/a>\n<h2>\n\t\tKontakt meg for \u00e5 booke et foredag.\n\t<\/h2>\n\t<p>Legg igjen din kontaktinformasjon og en beskrivende foresp\u00f8rsel i skjemaet under, s\u00e5 vil jeg kontakte deg s\u00e5 snart jeg har mulighet.<\/p>\n                <form method='post' enctype='multipart\/form-data' target='gform_ajax_frame_1' id='gform_1'  action='\/no\/?fl_builder#gf_1' data-formid='1' novalidate>\n                        <label class='gfield_label gform-field-label' for='input_1_1'>Fullt navn<\/label><input name='input_1' id='input_1_1' type='text' value='' class='large'   tabindex='100' placeholder='Fullt navn'  aria-invalid=\"false\"   \/> <label class='gfield_label gform-field-label' for='input_1_3'>E-post<\/label><input name='input_3' id='input_1_3' type='text' value='' class='large'   tabindex='101' placeholder='E-post'  aria-invalid=\"false\"   \/> <label class='gfield_label gform-field-label' for='input_1_5'>Telefon<\/label><input name='input_5' id='input_1_5' type='text' value='' class='large'   tabindex='102' placeholder='Telefon'  aria-invalid=\"false\"   \/> <label class='gfield_label gform-field-label' for='input_1_4'>Foresp\u00f8rsel<\/label><textarea name='input_4' id='input_1_4' class='textarea small' tabindex='103'   placeholder='Vennligst skriv i detaljer hva din foresp\u00f8rsel gjelder.'  aria-invalid=\"false\"   rows='10' cols='50'><\/textarea><label class='gfield_label gform-field-label' for='input_1_6'>Comments<\/label><input name='input_6' id='input_1_6' type='text' value='' autocomplete='new-password'\/>Dette feltet er for valideringsform\u00e5l og skal st\u00e5 uendret.\n         <input type='submit' id='gform_submit_button_1' class='gform_button button' value='Send inn' tabindex='104' onclick='if(window[\"gf_submitting_1\"]){return false;}  if( !jQuery(\"#gform_1\")[0].checkValidity || jQuery(\"#gform_1\")[0].checkValidity()){window[\"gf_submitting_1\"]=true;}  ' onkeypress='if( event.keyCode == 13 ){ if(window[\"gf_submitting_1\"]){return false;} if( !jQuery(\"#gform_1\")[0].checkValidity || jQuery(\"#gform_1\")[0].checkValidity()){window[\"gf_submitting_1\"]=true;}  jQuery(\"#gform_1\").trigger(\"submit\",[true]); }' \/> <input type='hidden' name='gform_ajax' value='form_id=1&amp;title=&amp;description=&amp;tabindex=100&amp;theme=data-form-theme=&#039;gravity-theme&#039;' \/>\n            <input type='hidden' class='gform_hidden' name='is_submit_1' value='1' \/>\n            <input type='hidden' class='gform_hidden' name='gform_submit' value='1' \/>\n            <input type='hidden' class='gform_hidden' name='gform_unique_id' value='' \/>\n            <input type='hidden' class='gform_hidden' name='state_1' value='WyJbXSIsImI4ZGJjODlmNjc0Zjk4NmM5YWFjZGZjMGVkNTU2N2Q0Il0=' \/>\n            <input type='hidden' class='gform_hidden' name='gform_target_page_number_1' id='gform_target_page_number_1' value='0' \/>\n            <input type='hidden' class='gform_hidden' name='gform_source_page_number_1' id='gform_source_page_number_1' value='1' \/>\n            <input type='hidden' name='gform_field_values' value='' \/>\n                        <\/form>\n\t\t                <iframe style='display:none;width:0px;height:0px;' src='about:blank' name='gform_ajax_frame_1' id='gform_ajax_frame_1' title='This iframe contains the logic required to handle Ajax powered Gravity Forms.'><\/iframe>\n\n","protected":false},"excerpt":{"rendered":"<p>La meg dele mine erfaringer med ditt publikum. Jeg er Cecilie Fjellh\u00f8y og jeg ble kjent gjennom den verdensomtalte saken om &laquo;Tindersvindleren&raquo;, som senere ble tidenes mest sette dokumentar p\u00e5 Netflix. Book foredrag Min historie Foredragsholder p\u00e5 Talerlisten Play Video Tankevekkende foredrag om svindel og bedrageri I mine foredrag deler jeg min unike historie for&hellip;<\/p>\n","protected":false},"author":1,"featured_media":12050,"parent":0,"menu_order":0,"comment_status":"closed","ping_status":"closed","template":"","meta":{"inline_featured_image":false,"footnotes":""},"class_list":["post-20","page","type-page","status-publish","has-post-thumbnail","hentry"],"_links":{"self":[{"href":"https:\/\/www.ceciliefjellhoy.com\/no\/wp-json\/wp\/v2\/pages\/20","targetHints":{"allow":["GET"]}}],"collection":[{"href":"https:\/\/www.ceciliefjellhoy.com\/no\/wp-json\/wp\/v2\/pages"}],"about":[{"href":"https:\/\/www.ceciliefjellhoy.com\/no\/wp-json\/wp\/v2\/types\/page"}],"author":[{"embeddable":true,"href":"https:\/\/www.ceciliefjellhoy.com\/no\/wp-json\/wp\/v2\/users\/1"}],"replies":[{"embeddable":true,"href":"https:\/\/www.ceciliefjellhoy.com\/no\/wp-json\/wp\/v2\/comments?post=20"}],"version-history":[{"count":101,"href":"https:\/\/www.ceciliefjellhoy.com\/no\/wp-json\/wp\/v2\/pages\/20\/revisions"}],"predecessor-version":[{"id":12261,"href":"https:\/\/www.ceciliefjellhoy.com\/no\/wp-json\/wp\/v2\/pages\/20\/revisions\/12261"}],"wp:featuredmedia":[{"embeddable":true,"href":"https:\/\/www.ceciliefjellhoy.com\/no\/wp-json\/wp\/v2\/media\/12050"}],"wp:attachment":[{"href":"https:\/\/www.ceciliefjellhoy.com\/no\/wp-json\/wp\/v2\/media?parent=20"}],"curies":[{"name":"wp","href":"https:\/\/api.w.org\/{rel}","templated":true}]}}